{"id":1746,"date":"2020-04-02T17:40:39","date_gmt":"2020-04-02T15:40:39","guid":{"rendered":"http:\/\/www.schwungrat.org\/bpmlearning\/?page_id=1746"},"modified":"2021-12-11T08:18:56","modified_gmt":"2021-12-11T07:18:56","slug":"menti","status":"publish","type":"page","link":"https:\/\/www.schwungrat.org\/bpmlearning\/tools\/menti\/","title":{"rendered":"Menti"},"content":{"rendered":"<p>Leider verf\u00fcgen Sie nicht \u00fcber die notwendigen Zugriffsrechte f\u00fcr diese Inhalte.<\/p>\r\n<p>Eventuell sind diese Inhalte einem anderen Seminar, Studiengang oder Universit\u00e4t zugeteilt.<\/p>\r\n<p>Besten Dank f\u00fcr das Verst\u00e4ndnis!<\/p>","protected":false},"excerpt":{"rendered":"","protected":false},"author":1,"featured_media":0,"parent":1580,"menu_order":1,"comment_status":"closed","ping_status":"closed","template":"","meta":{"_editorskit_title_hidden":false,"_editorskit_reading_time":1,"_editorskit_is_block_options_detached":false,"_editorskit_block_options_position":"{}","_uag_custom_page_level_css":"","footnotes":""},"class_list":["post-1746","page","type-page","status-publish","hentry"],"uagb_featured_image_src":{"full":false,"thumbnail":false,"medium":false,"medium_large":false,"large":false,"1536x1536":false,"2048x2048":false,"gamipress-points":false,"gamipress-achievement":false,"gamipress-rank":false},"uagb_author_info":{"display_name":"Schwungrat","author_link":"https:\/\/www.schwungrat.org\/bpmlearning\/author\/schwungrat\/"},"uagb_comment_info":0,"uagb_excerpt":null,"_links":{"self":[{"href":"https:\/\/www.schwungrat.org\/bpmlearning\/wp-json\/wp\/v2\/pages\/1746","targetHints":{"allow":["GET"]}}],"collection":[{"href":"https:\/\/www.schwungrat.org\/bpmlearning\/wp-json\/wp\/v2\/pages"}],"about":[{"href":"https:\/\/www.schwungrat.org\/bpmlearning\/wp-json\/wp\/v2\/types\/page"}],"author":[{"embeddable":true,"href":"https:\/\/www.schwungrat.org\/bpmlearning\/wp-json\/wp\/v2\/users\/1"}],"replies":[{"embeddable":true,"href":"https:\/\/www.schwungrat.org\/bpmlearning\/wp-json\/wp\/v2\/comments?post=1746"}],"version-history":[{"count":1,"href":"https:\/\/www.schwungrat.org\/bpmlearning\/wp-json\/wp\/v2\/pages\/1746\/revisions"}],"predecessor-version":[{"id":6367,"href":"https:\/\/www.schwungrat.org\/bpmlearning\/wp-json\/wp\/v2\/pages\/1746\/revisions\/6367"}],"up":[{"embeddable":true,"href":"https:\/\/www.schwungrat.org\/bpmlearning\/wp-json\/wp\/v2\/pages\/1580"}],"wp:attachment":[{"href":"https:\/\/www.schwungrat.org\/bpmlearning\/wp-json\/wp\/v2\/media?parent=1746"}],"curies":[{"name":"wp","href":"https:\/\/api.w.org\/{rel}","templated":true}]}}