{"id":1109,"date":"2020-03-26T17:09:32","date_gmt":"2020-03-26T16:09:32","guid":{"rendered":"http:\/\/www.schwungrat.org\/bpmlearning\/?page_id=1109"},"modified":"2021-11-29T21:08:08","modified_gmt":"2021-11-29T20:08:08","slug":"fhk-statements","status":"publish","type":"page","link":"http:\/\/www.schwungrat.org\/bpmlearning\/fhk\/fhk-statements\/","title":{"rendered":"FHK Statements"},"content":{"rendered":"<p>Leider verf\u00fcgen Sie nicht \u00fcber die notwendigen Zugriffsrechte f\u00fcr diese Inhalte.<\/p>\r\n<p>Eventuell sind diese Inhalte einem anderen Seminar, Studiengang oder Universit\u00e4t zugeteilt.<\/p>\r\n<p>Besten Dank f\u00fcr das Verst\u00e4ndnis!<\/p>","protected":false},"excerpt":{"rendered":"","protected":false},"author":1,"featured_media":0,"parent":419,"menu_order":1,"comment_status":"closed","ping_status":"closed","template":"","meta":{"_editorskit_title_hidden":false,"_editorskit_reading_time":1,"_editorskit_is_block_options_detached":false,"_editorskit_block_options_position":"{}","_uag_custom_page_level_css":"","footnotes":""},"class_list":["post-1109","page","type-page","status-publish","hentry"],"uagb_featured_image_src":{"full":false,"thumbnail":false,"medium":false,"medium_large":false,"large":false,"1536x1536":false,"2048x2048":false,"gamipress-points":false,"gamipress-achievement":false,"gamipress-rank":false},"uagb_author_info":{"display_name":"Schwungrat","author_link":"http:\/\/www.schwungrat.org\/bpmlearning\/author\/schwungrat\/"},"uagb_comment_info":0,"uagb_excerpt":null,"_links":{"self":[{"href":"http:\/\/www.schwungrat.org\/bpmlearning\/wp-json\/wp\/v2\/pages\/1109","targetHints":{"allow":["GET"]}}],"collection":[{"href":"http:\/\/www.schwungrat.org\/bpmlearning\/wp-json\/wp\/v2\/pages"}],"about":[{"href":"http:\/\/www.schwungrat.org\/bpmlearning\/wp-json\/wp\/v2\/types\/page"}],"author":[{"embeddable":true,"href":"http:\/\/www.schwungrat.org\/bpmlearning\/wp-json\/wp\/v2\/users\/1"}],"replies":[{"embeddable":true,"href":"http:\/\/www.schwungrat.org\/bpmlearning\/wp-json\/wp\/v2\/comments?post=1109"}],"version-history":[{"count":1,"href":"http:\/\/www.schwungrat.org\/bpmlearning\/wp-json\/wp\/v2\/pages\/1109\/revisions"}],"predecessor-version":[{"id":6132,"href":"http:\/\/www.schwungrat.org\/bpmlearning\/wp-json\/wp\/v2\/pages\/1109\/revisions\/6132"}],"up":[{"embeddable":true,"href":"http:\/\/www.schwungrat.org\/bpmlearning\/wp-json\/wp\/v2\/pages\/419"}],"wp:attachment":[{"href":"http:\/\/www.schwungrat.org\/bpmlearning\/wp-json\/wp\/v2\/media?parent=1109"}],"curies":[{"name":"wp","href":"https:\/\/api.w.org\/{rel}","templated":true}]}}