{"id":1061,"date":"2020-03-26T12:01:50","date_gmt":"2020-03-26T11:01:50","guid":{"rendered":"http:\/\/www.schwungrat.org\/bpmlearning\/?page_id=1061"},"modified":"2022-03-31T20:05:40","modified_gmt":"2022-03-31T18:05:40","slug":"start","status":"publish","type":"page","link":"http:\/\/www.schwungrat.org\/bpmlearning\/start\/","title":{"rendered":"\u00dcber"},"content":{"rendered":"\n<div class=\"alignfull wp-block-ugb-feature ugb-feature ugb-a1dec8f ugb-feature--v2 ugb-feature--design-plain ugb-feature--invert ugb-main-block ugb-main-block--inner-wide ugb--has-block-background ugb--has-top-separator ugb--has-bottom-separator\"><style>.ugb-a1dec8f .ugb-img{-webkit-mask-image:url('data:image\/svg+xml;base64,PHN2ZyB4bWxucz0iaHR0cDovL3d3dy53My5vcmcvMjAwMC9zdmciIHZpZXdCb3g9IjAgMCAyMDAgMjAwIj48cGF0aCBkPSJNMTg4LjUgMzEuOWMxMi45IDE1LjkgMTIuNSA0My4zIDEwLjMgNzcuMXMtNi4yIDc0LjItMjYuMiA4Ni41LTU2LjEtMy4zLTg5LjQtMjEuMi02My43LTM4LjEtNzYuNC02OS44Qy01LjkgNzMtLjggMjkuOSAyMS42IDExLjcgNDQtNi40IDgzLjguNSAxMTYuNyA2LjFzNTkgMTAgNzEuOCAyNS44eiI+PC9wYXRoPjwvc3ZnPg==');mask-image:url('data:image\/svg+xml;base64,PHN2ZyB4bWxucz0iaHR0cDovL3d3dy53My5vcmcvMjAwMC9zdmciIHZpZXdCb3g9IjAgMCAyMDAgMjAwIj48cGF0aCBkPSJNMTg4LjUgMzEuOWMxMi45IDE1LjkgMTIuNSA0My4zIDEwLjMgNzcuMXMtNi4yIDc0LjItMjYuMiA4Ni41LTU2LjEtMy4zLTg5LjQtMjEuMi02My43LTM4LjEtNzYuNC02OS44Qy01LjkgNzMtLjggMjkuOSAyMS42IDExLjcgNDQtNi40IDgzLjguNSAxMTYuNyA2LjFzNTkgMTAgNzEuOCAyNS44eiI+PC9wYXRoPjwvc3ZnPg==')}.ugb-a1dec8f .ugb-feature__title{font-weight:500 !important;color:#ff6900;margin-bottom:34px !important}.ugb-a1dec8f .ugb-feature__description{font-size:17px !important;color:#313131;text-align:left;margin-bottom:43px !important}.ugb-a1dec8f .ugb-button{background-color:#313131;border-radius:100px !important}.ugb-a1dec8f .ugb-button .ugb-button--inner,.ugb-a1dec8f .ugb-button svg:not(.ugb-custom-icon){color:#ffffff !important}.ugb-a1dec8f .ugb-button:before{border-radius:100px !important}.ugb-a1dec8f .ugb-button-container{margin-bottom:10px !important}.ugb-a1dec8f .ugb-inner-block{text-align:center}.ugb-a1dec8f.ugb-feature{min-height:100px;justify-content:center;background-color:rgba(238,238,238,1);background-attachment:fixed}.ugb-a1dec8f.ugb-feature:before{background-color:#eeeeee}@media screen and (min-width:768px){.ugb-a1dec8f .ugb-feature__item{grid-template-columns:1.00fr 1.00fr !important}.ugb-a1dec8f .ugb-img{width:713px;height:auto !important}.ugb-a1dec8f.ugb-feature{margin-top:-20px !important;padding-top:130px !important;padding-bottom:130px !important}.ugb-a1dec8f .ugb-top-separator .ugb-separator-wrapper{height:107px}.ugb-a1dec8f .ugb-bottom-separator .ugb-separator-wrapper{height:101px}}@media screen and (-ms-high-contrast:active),screen and (-ms-high-contrast:none){.ugb-a1dec8f.ugb-feature{height:100px}}<\/style><div class=\"ugb-top-separator\"><div class=\"ugb-separator-wrapper\"><svg xmlns=\"http:\/\/www.w3.org\/2000\/svg\" viewbox=\"0 0 1600 200\" filter=\"url(#wave-1-shadow_svg__a)\" enablebackground=\"new 0 0 1600 200\" class=\"ugb-separator__shadow\" preserveaspectratio=\"none\" aria-hidden=\"true\"><filter id=\"wave-1-shadow_svg__a\"><feGaussianBlur in=\"SourceAlpha\" stddeviation=\"4\"><\/feGaussianBlur><feComponentTransfer><feFuncA type=\"linear\" slope=\"0.4\"><\/feFuncA><\/feComponentTransfer><feMerge><feMergeNode><\/feMergeNode><feMergeNode in=\"SourceGraphic\"><\/feMergeNode><\/feMerge><\/filter><path class=\"wave-1-shadow_svg__st2\" d=\"M1341.4 48.9c-182.4 0-254.2 80.4-429.4 80.4-117.8 0-209.7-67.5-393.5-67.5-142.2 0-212.6 38.8-324.6 38.8S-10 64.7-10 64.7v10s91.9 35.9 203.9 35.9 182.4-38.8 324.6-38.8c183.8 0 275.7 67.5 393.5 67.5 175.2 0 247-80.4 429.4-80.4 87.6 0 158 12.9 268.6 53.1v-10c-110.6-40.2-181-53.1-268.6-53.1z\"><\/path><\/svg><svg xmlns=\"http:\/\/www.w3.org\/2000\/svg\" viewbox=\"0 0 1600 200\" class=\"ugb-separator__layer-1\" preserveaspectratio=\"none\" aria-hidden=\"true\"><path class=\"wave-1_svg__st2\" d=\"M1341.4 48.9c-182.4 0-254.2 80.4-429.4 80.4-117.8 0-209.7-67.5-393.5-67.5-142.2 0-212.6 38.8-324.6 38.8S-10 64.7-10 64.7V210h1620V102c-110.6-40.2-181-53.1-268.6-53.1z\"><\/path><\/svg><\/div><\/div><div class=\"ugb-bottom-separator\"><div class=\"ugb-separator-wrapper\"><svg xmlns=\"http:\/\/www.w3.org\/2000\/svg\" viewbox=\"0 0 1600 200\" filter=\"url(#wave-1-shadow_svg__a)\" enablebackground=\"new 0 0 1600 200\" class=\"ugb-separator__shadow\" preserveaspectratio=\"none\" aria-hidden=\"true\"><filter id=\"wave-1-shadow_svg__a\"><feGaussianBlur in=\"SourceAlpha\" stddeviation=\"4\"><\/feGaussianBlur><feComponentTransfer><feFuncA type=\"linear\" slope=\"0.4\"><\/feFuncA><\/feComponentTransfer><feMerge><feMergeNode><\/feMergeNode><feMergeNode in=\"SourceGraphic\"><\/feMergeNode><\/feMerge><\/filter><path class=\"wave-1-shadow_svg__st2\" d=\"M1341.4 48.9c-182.4 0-254.2 80.4-429.4 80.4-117.8 0-209.7-67.5-393.5-67.5-142.2 0-212.6 38.8-324.6 38.8S-10 64.7-10 64.7v10s91.9 35.9 203.9 35.9 182.4-38.8 324.6-38.8c183.8 0 275.7 67.5 393.5 67.5 175.2 0 247-80.4 429.4-80.4 87.6 0 158 12.9 268.6 53.1v-10c-110.6-40.2-181-53.1-268.6-53.1z\"><\/path><\/svg><svg xmlns=\"http:\/\/www.w3.org\/2000\/svg\" viewbox=\"0 0 1600 200\" class=\"ugb-separator__layer-1\" preserveaspectratio=\"none\" aria-hidden=\"true\"><path class=\"wave-1_svg__st2\" d=\"M1341.4 48.9c-182.4 0-254.2 80.4-429.4 80.4-117.8 0-209.7-67.5-393.5-67.5-142.2 0-212.6 38.8-324.6 38.8S-10 64.7-10 64.7V210h1620V102c-110.6-40.2-181-53.1-268.6-53.1z\"><\/path><\/svg><\/div><\/div><div class=\"ugb-inner-block ugb-inner-block--wide\"><div class=\"ugb-block-content\"><div class=\"ugb-feature__item\"><div class=\"ugb-feature__content\"><h1 class=\"ugb-feature__title\">BPMLearning<\/h1><p class=\"ugb-feature__description\">Der Zweck dieser Seiten ist es, Seminarinhalte f\u00fcr ausgew\u00e4hlte Hochschulstudieng\u00e4nge und Weiterbildungsangebote zur Verf\u00fcgung zu stellen. Nachdem in letzter Zeit vermehrt &#8220;Blended- bzw. Distance-Learning-Ans\u00e4tze&#8221; Verwendung finden, sollen die auf diesen Seiten integrierten Inhalte ein individuelles Lernen von zu Hause begleiten.<br><br>Wer dar\u00fcber hinaus weitere Unterst\u00fctzung und Beratung  ben\u00f6tigt, kann unter dem folgenden Link den direkten Kontakt suchen:  <\/p><div class=\"ugb-button-container\"><a class=\"ugb-button ugb-button--size-normal ugb--hover-effect-lift\" href=\"http:\/\/www.schwungrat.org\/Startseite\/\" target=\"_blank\" rel=\"noopener noreferrer\" title=\"\"><span class=\"ugb-button--inner\">Schwungrat.org<\/span><\/a><\/div><\/div><div class=\"ugb-feature__image-side\"><img decoding=\"async\" class=\"ugb-feature__image ugb-feature__image-has-shape ugb-img wp-image-1074 ugb-img--shape\" src=\"http:\/\/www.schwungrat.org\/bpmlearning\/wp-content\/uploads\/2020\/03\/872B30FF-CD98-4E4F-ACD9-8598E4EAC0DB-1024x682.jpeg\" alt=\"\" title=\"\" height=\"474\" srcset=\"http:\/\/www.schwungrat.org\/bpmlearning\/wp-content\/uploads\/2020\/03\/872B30FF-CD98-4E4F-ACD9-8598E4EAC0DB-1024x682.jpeg 1024w, http:\/\/www.schwungrat.org\/bpmlearning\/wp-content\/uploads\/2020\/03\/872B30FF-CD98-4E4F-ACD9-8598E4EAC0DB-300x200.jpeg 300w, http:\/\/www.schwungrat.org\/bpmlearning\/wp-content\/uploads\/2020\/03\/872B30FF-CD98-4E4F-ACD9-8598E4EAC0DB-768x512.jpeg 768w, http:\/\/www.schwungrat.org\/bpmlearning\/wp-content\/uploads\/2020\/03\/872B30FF-CD98-4E4F-ACD9-8598E4EAC0DB-1536x1024.jpeg 1536w, http:\/\/www.schwungrat.org\/bpmlearning\/wp-content\/uploads\/2020\/03\/872B30FF-CD98-4E4F-ACD9-8598E4EAC0DB-2048x1365.jpeg 2048w\" sizes=\"(max-width: 1024px) 100vw, 1024px\" \/><\/div><\/div><\/div><\/div><\/div>\n\n\n\n<p><\/p>\n","protected":false},"excerpt":{"rendered":"","protected":false},"author":1,"featured_media":0,"parent":0,"menu_order":0,"comment_status":"closed","ping_status":"closed","template":"","meta":{"_editorskit_title_hidden":false,"_editorskit_reading_time":1,"_editorskit_is_block_options_detached":false,"_editorskit_block_options_position":"{}","_uag_custom_page_level_css":"","footnotes":""},"class_list":["post-1061","page","type-page","status-publish","hentry"],"uagb_featured_image_src":{"full":false,"thumbnail":false,"medium":false,"medium_large":false,"large":false,"1536x1536":false,"2048x2048":false,"gamipress-points":false,"gamipress-achievement":false,"gamipress-rank":false},"uagb_author_info":{"display_name":"Schwungrat","author_link":"http:\/\/www.schwungrat.org\/bpmlearning\/author\/schwungrat\/"},"uagb_comment_info":0,"uagb_excerpt":null,"_links":{"self":[{"href":"http:\/\/www.schwungrat.org\/bpmlearning\/wp-json\/wp\/v2\/pages\/1061","targetHints":{"allow":["GET"]}}],"collection":[{"href":"http:\/\/www.schwungrat.org\/bpmlearning\/wp-json\/wp\/v2\/pages"}],"about":[{"href":"http:\/\/www.schwungrat.org\/bpmlearning\/wp-json\/wp\/v2\/types\/page"}],"author":[{"embeddable":true,"href":"http:\/\/www.schwungrat.org\/bpmlearning\/wp-json\/wp\/v2\/users\/1"}],"replies":[{"embeddable":true,"href":"http:\/\/www.schwungrat.org\/bpmlearning\/wp-json\/wp\/v2\/comments?post=1061"}],"version-history":[{"count":3,"href":"http:\/\/www.schwungrat.org\/bpmlearning\/wp-json\/wp\/v2\/pages\/1061\/revisions"}],"predecessor-version":[{"id":6836,"href":"http:\/\/www.schwungrat.org\/bpmlearning\/wp-json\/wp\/v2\/pages\/1061\/revisions\/6836"}],"wp:attachment":[{"href":"http:\/\/www.schwungrat.org\/bpmlearning\/wp-json\/wp\/v2\/media?parent=1061"}],"curies":[{"name":"wp","href":"https:\/\/api.w.org\/{rel}","templated":true}]}}